{"id":20953,"date":"2021-03-10T11:33:35","date_gmt":"2021-03-10T06:03:35","guid":{"rendered":"https:\/\/mb.loyaltycommunication.com\/email-marketing\/"},"modified":"2022-07-13T15:12:49","modified_gmt":"2022-07-13T09:42:49","slug":"epost-markedsforing","status":"publish","type":"page","link":"https:\/\/www.mainbrainer.com\/nb_NO\/epost-markedsforing\/","title":{"rendered":"E-postmarkedsf\u00f8ring"},"content":{"rendered":"<h1 class=\"font48 font-weight-700 mb-2 mb-md-0\">E-post Markedsf\u00f8ring<\/h1>\n<p class=\"font34\">segmenter, opprett e-post, sett m\u00e5l, send og analyser<\/p>\n<div class=\"emailTK__top_inner\" style=\"max-width: 650px;\">\n<p>Gratis epost tjeneste for \u00e5 skape engasjerende kundereiser med en enkelt web grensesnitt eller e-post APIer for integrerte tjenester.<\/p>\n<\/div>\n<div class=\"clearfix\"><\/div>","protected":false},"excerpt":{"rendered":"<p>E-post Markedsf\u00f8ring segmenter, opprett e-post, sett m\u00e5l, send og analyser Gratis epost tjeneste for \u00e5...<\/p>\n","protected":false},"author":1,"featured_media":0,"parent":0,"menu_order":3,"comment_status":"closed","ping_status":"closed","template":"Templates\/feature-template.php","meta":[],"_links":{"self":[{"href":"https:\/\/www.mainbrainer.com\/nb_NO\/wp-json\/wp\/v2\/pages\/20953"}],"collection":[{"href":"https:\/\/www.mainbrainer.com\/nb_NO\/wp-json\/wp\/v2\/pages"}],"about":[{"href":"https:\/\/www.mainbrainer.com\/nb_NO\/wp-json\/wp\/v2\/types\/page"}],"author":[{"embeddable":true,"href":"https:\/\/www.mainbrainer.com\/nb_NO\/wp-json\/wp\/v2\/users\/1"}],"replies":[{"embeddable":true,"href":"https:\/\/www.mainbrainer.com\/nb_NO\/wp-json\/wp\/v2\/comments?post=20953"}],"version-history":[{"count":27,"href":"https:\/\/www.mainbrainer.com\/nb_NO\/wp-json\/wp\/v2\/pages\/20953\/revisions"}],"predecessor-version":[{"id":27747,"href":"https:\/\/www.mainbrainer.com\/nb_NO\/wp-json\/wp\/v2\/pages\/20953\/revisions\/27747"}],"wp:attachment":[{"href":"https:\/\/www.mainbrainer.com\/nb_NO\/wp-json\/wp\/v2\/media?parent=20953"}],"curies":[{"name":"wp","href":"https:\/\/api.w.org\/{rel}","templated":true}]}}