{"id":20857,"date":"2021-09-20T12:49:47","date_gmt":"2021-09-20T07:19:47","guid":{"rendered":"https:\/\/mb.loyaltycommunication.com\/sms-marketing\/"},"modified":"2022-07-13T14:53:49","modified_gmt":"2022-07-13T09:23:49","slug":"sms-markedsforing","status":"publish","type":"page","link":"https:\/\/www.mainbrainer.com\/nb_NO\/sms-markedsforing\/","title":{"rendered":"SMS-markedsf\u00f8ring"},"content":{"rendered":"<h1 class=\"font48 font-weight-700 mb-2 mb-md-0\">SMS Markedsf\u00f8ring L\u00f8sninger<\/h1>\n<p class=\"font34\">robust, skalerbar og p\u00e5litelig SMS service<\/p>\n<div class=\"emailTK__top_inner\" style=\"max-width: 950px;\">Tekstmeldinger eller SMS (Short Message Service) gj\u00f8r at du raskt kan n\u00e5 ut til dine kunder med tilbud, informasjon eller p\u00e5minnelser. SMS l\u00f8sningen har verkt\u00f8y for Bulk SMS (masseutsendelse), Web SMS, SMS 2.0 (SMS med landing side) eller SMS API koblet med Norsk SMS Gateway.<\/div>\n<div class=\"clearfix\"><\/div>","protected":false},"excerpt":{"rendered":"<p>SMS Markedsf\u00f8ring L\u00f8sninger robust, skalerbar og p\u00e5litelig SMS service Tekstmeldinger eller SMS (Short Message Service)...<\/p>\n","protected":false},"author":1,"featured_media":0,"parent":0,"menu_order":0,"comment_status":"closed","ping_status":"closed","template":"Templates\/feature-template.php","meta":[],"_links":{"self":[{"href":"https:\/\/www.mainbrainer.com\/nb_NO\/wp-json\/wp\/v2\/pages\/20857"}],"collection":[{"href":"https:\/\/www.mainbrainer.com\/nb_NO\/wp-json\/wp\/v2\/pages"}],"about":[{"href":"https:\/\/www.mainbrainer.com\/nb_NO\/wp-json\/wp\/v2\/types\/page"}],"author":[{"embeddable":true,"href":"https:\/\/www.mainbrainer.com\/nb_NO\/wp-json\/wp\/v2\/users\/1"}],"replies":[{"embeddable":true,"href":"https:\/\/www.mainbrainer.com\/nb_NO\/wp-json\/wp\/v2\/comments?post=20857"}],"version-history":[{"count":24,"href":"https:\/\/www.mainbrainer.com\/nb_NO\/wp-json\/wp\/v2\/pages\/20857\/revisions"}],"predecessor-version":[{"id":27733,"href":"https:\/\/www.mainbrainer.com\/nb_NO\/wp-json\/wp\/v2\/pages\/20857\/revisions\/27733"}],"wp:attachment":[{"href":"https:\/\/www.mainbrainer.com\/nb_NO\/wp-json\/wp\/v2\/media?parent=20857"}],"curies":[{"name":"wp","href":"https:\/\/api.w.org\/{rel}","templated":true}]}}