{"id":20852,"date":"2021-04-06T04:42:26","date_gmt":"2021-04-05T23:12:26","guid":{"rendered":"https:\/\/mb.loyaltycommunication.com\/privacy-policy\/"},"modified":"2022-05-30T13:46:46","modified_gmt":"2022-05-30T08:16:46","slug":"personvernerklaring","status":"publish","type":"page","link":"https:\/\/www.mainbrainer.com\/nb_NO\/personvernerklaring\/","title":{"rendered":"Personvernerkl\u00e6ring - MainBrainer"},"content":{"rendered":"<h3 class=\"policy-title fontweight700 bottom_hr my-4 pb-4\">Personvernerkl\u00e6ring v 1.0<\/h3>\n<p class=\"section-leadtext\">Fra og med 6. april 2021 tar MainBrainer AS personvern p\u00e5 alvor. Denne personvernerkl\u00e6ringen forklarer hvem vi er, hvordan vi samler inn, deler og bruker personopplysninger, og hvordan du kan ut\u00f8ve personvernrettighetene dine. Vi anbefaler at du leser denne personvernerkl\u00e6ringen i sin helhet for \u00e5 sikre at du er fullstendig informert. Hvis du har sp\u00f8rsm\u00e5l eller bekymringer ang\u00e5ende v\u00e5r bruk av din personlige informasjon, vennligst kontakt oss ved \u00e5 bruke kontaktdetaljene oppgitt p\u00e5 slutten av avsnitt 16.<\/p>\n<ul class=\"policy-listcontent mt-5\">\n<li>\n<p class=\"privacylist-title\">ABONNENTBESTEMMELSER<\/p>\n<p>Denne personvernerkl\u00e6ringen gjelder for behandlingen av dine personopplysninger der MainBrainer AS (\"Vi\", \"Oss\" eller \"V\u00e5re\") er behandlingsansvarlig eller hvor Vi viser til anvendeligheten av denne personvernerkl\u00e6ringen. N\u00e5r tjenestene v\u00e5re leveres indirekte av en tredjepart, opptrer vi i rollen som databehandler og f\u00f8lger instruksjonene i databehandlingsavtalen. Hvis du er kunde hos en slik tredjepart, vennligst se deres personvernerkl\u00e6ring. Det skal ogs\u00e5 fremg\u00e5 av databehandleravtalen med behandlingsansvarlig at databehandleren forplikter seg til \u00e5 gjennomf\u00f8re slike hensiktsmessige tekniske og organisatoriske sikkerhetstiltak som f\u00f8lger av personopplysningsloven \u00a7 13 og personvernforordningen. Denne personvernerkl\u00e6ringen er ved referanse til vedlegg 1 innlemmet i vilk\u00e5rene for bruk (\"Avtalen\") publisert p\u00e5 www.mainbrainer.com. Du godtar behandlingen av dine personopplysninger av oss n\u00e5r du bruker nettstedet og tjenestene.<\/li>\n<li>\n<p class=\"privacylist-title\">DATAINNSAMLING OG VEDLIKEHOLD<\/p>\n<p>Generelt samler eller vedlikeholder vi f\u00f8lgende kategorier av data:<\/p>\n<p class=\"privacylist-subtitle\">Kunderegistreringsdata:<\/p>\n<p>N\u00e5r du oppretter en konto p\u00e5 nettstedet v\u00e5rt (nettstedet) eller registrerer deg p\u00e5 et arrangement samler vi inn kontoinformasjon fra deg, som vi refererer til i denne personvernerkl\u00e6ringen som \"kunderegistreringsdata.\" Kunderegistreringsdataene vi samler inn inkluderer person- eller kontaktnavn, firmanavn, e-postadresse, telefonnummer og annen relevant kontaktinformasjon, samt informasjon om bestilte tjenester og betalingsinformasjon, som kredittkortnummer, utl\u00f8psdato og faktureringsadresse . Vi tildeler ogs\u00e5 brukere et unikt brukernavn og passord for \u00e5 f\u00e5 tilgang til kontoinformasjonen deres gjennom nettstedet;<\/p>\n<p class=\"privacylist-subtitle\">Mottakerdata for kundemelding:<\/p>\n<p>Vi registrerer og vedlikeholder data som har blitt gitt til oss eller lastet opp til nettstedet av brukere, som vi refererer til i denne personvernerkl\u00e6ringen som \"data for mottaker av kundemeldinger.\" Vanligvis er mottakerdata for kundemeldinger knyttet til personer eller juridiske personer som har valgt \u00e5 motta SMS eller e-post eller andre typer kommunikasjon fra deg, og kan inkludere navn, e-postadresse, kontaktinformasjon og annen informasjon. I henhold til v\u00e5re retningslinjer for anti-s\u00f8ppelpost som er angitt i vedlegg 2 til avtalen, kan du bare kommunisere til personer som har samtykket til \u00e5 motta kommunikasjonen din eller som du har et tidligere forhold til som godkjenner kommunikasjonen. Det vises til vedlegg 2 (Anti-Spam Policy).<\/p>\n<p class=\"privacylist-subtitle\">Nettsteddata:<\/p>\n<p>Vi bruker informasjonskapsler, web beacons og andre automatiserte enheter for automatisk \u00e5 samle inn informasjon om bes\u00f8kende p\u00e5 nettstedet og brukere av tjenestene v\u00e5re, som vi refererer til i denne personvernerkl\u00e6ringen som \"sidedata.\" Nettsteddataene vi samler inn inkluderer nettlesertype, operativsystem og IP-adresse, samt informasjon om nettsidene som vises og lenker som bes\u00f8kende og\/eller abonnenter klikker p\u00e5. Vi kan kombinere nettstedsdata med data vi har samlet inn fra brukere, for eksempel kunderegistreringsdata og mottakerdata for kundemeldinger. Selv om flertallet av v\u00e5re abonnenter er juridiske enheter, kan noen av kunderegistreringsdataene som sendes inn eller vedlikeholdes av oss identifisere eller forholde seg til en enkeltperson (\"personopplysninger\"), i stedet for et selskap. Alle bes\u00f8kende p\u00e5 nettstedet informeres p\u00e5 forh\u00e5nd om at vi bruker informasjonskapsler og andre automatiserte m\u00e5ter \u00e5 samle inn data p\u00e5. Den bes\u00f8kende gis muligheten til \u00e5 enten godta eller avsl\u00e5 v\u00e5r bruk av data.<\/li>\n<li>\n<p class=\"privacylist-title\">FORM\u00c5LENE MED INNSAMLEDE DATA<\/p>\n<p class=\"pb-0 mb-2\">Vi kan bruke informasjonen vi samler inn og vedlikeholder, inkludert eventuelle personopplysninger, til f\u00f8lgende form\u00e5l:<\/p>\n<ul class=\"list-style-circle\">\n<li>Hvis du har oppgitt kontaktinformasjonen din til oss, kan vi bruke slik informasjon til \u00e5 kontakte deg for markedsf\u00f8rings- og reklameform\u00e5l p\u00e5 ulike m\u00e5ter, inkludert vanlig post, e-post, telefon eller SMS (mobiltelefontekstmeldinger).<\/li>\n<li>For \u00e5 behandle bestillinger, foresp\u00f8rsler og betalinger, og for \u00e5 kommunisere med v\u00e5re abonnenter om deres kontoer eller eventuelle foresp\u00f8rsler, bestillinger eller betaling;<\/li>\n<li>For \u00e5 tilby forespurte tjenester til v\u00e5re abonnenter. Tjenestene vi leverer kan omfatte visse markedsf\u00f8rings- og salgsfremmende tjenester, inkludert sending eller tilrettelegging for levering av kommunikasjon p\u00e5 vegne av og p\u00e5 foresp\u00f8rsel fra v\u00e5re abonnenter. I slike tilfeller er v\u00e5re abonnenter ansvarlige for innholdet og leveringen av nevnte kommunikasjon.<\/li>\n<li>For \u00e5 svare p\u00e5 alle henvendelser sendt til oss og for \u00e5 gi teknisk st\u00f8tte til deg.<\/li>\n<li>For \u00e5 skreddersy innholdet og informasjonen som vi kan sende eller vise til deg eller bes\u00f8kende p\u00e5 nettstedet, for \u00e5 vise m\u00e5lrettede annonser og p\u00e5 annen m\u00e5te tilpasse opplevelser p\u00e5 nettstedet;<\/li>\n<li>For \u00e5 bedre forst\u00e5 hvordan bes\u00f8kende og brukere p\u00e5 nettstedet f\u00e5r tilgang til og bruker nettstedet og tjenestene, b\u00e5de p\u00e5 en samlet og individualisert basis, med det form\u00e5l \u00e5 forbedre nettstedet og tjenestene og svare p\u00e5 bes\u00f8kendes og abonnentens \u00f8nsker og preferanser; og<\/li>\n<li>For \u00e5 oppdage brudd p\u00e5 gjeldende avtale, antispampolicy og personvernpolicy. For eksempel kan vi bruke automatiserte filtre for \u00e5 screene innholdet i e-poster sendt av eller p\u00e5 vegne av abonnenter for \u00e5 begrense sending av pornografi eller annet forbudt innhold. Vi kan ogs\u00e5 spore eller skjerme visse SMS- og e-postaktiviteter, for eksempel import av store e-postlister eller mottak av returnerte e-poster, for \u00e5 oppdage og forhindre ulovlige spammingaktiviteter.<\/li>\n<\/ul>\n<\/li>\n<li>\n<p class=\"privacylist-title\">Avsl\u00f8re innsamlede data<\/p>\n<p>Vi handler ikke personopplysninger, enten kunderegistreringsdata eller mottakerdata for kundemeldinger, uten forh\u00e5ndssamtykke fra abonnenten. Vi kan imidlertid avsl\u00f8re informasjonen vi samler inn eller vedlikeholder, inkludert personopplysninger, uten forh\u00e5ndssamtykke som beskrevet nedenfor:<\/p>\n<p class=\"privacylist-subtitle\">Tjenestetilbydere:<\/p>\n<p>Vi kan avsl\u00f8re informasjonen vi samler inn fra deg til v\u00e5re representanter, inkludert Amazon, Inc. (\u201cAmazon\u201d) med datalagringsfasiliteter i Europa, USA og\/eller Asia, og Braintree Payment Solutions, LLC (\u201cBraintree\u201d) . med betalingsbehandlingsfasiliteter i USA, som utf\u00f8rer p\u00e5 v\u00e5re vegne: behandling ikke begrenset til datalagring og kredittkortbehandling for \u00e5 fakturere deg for kampanjer og tjenester og en live chat-representant for \u00e5 hjelpe oss med kundeservice, markedsanalyse, tjenester for \u00e5 hjelpe til med \u00e5 administrere v\u00e5r nettbaserte annonsering, tjenester for administrasjon av kunderelasjoner, intern systemoverv\u00e5king og ytelsestjenester. Disse tredjepartene er p\u00e5lagt \u00e5 opprettholde konfidensialitet, integritet og tilgjengelighet til personopplysninger og er begrenset til \u00e5 bruke slike data kun som anvist av oss under streng konfidensialitet. Amazon og Braintree opererer under et databehandlingstillegg og har implementert standard kontraktklausuler (\"modellklausuler\") definert og godkjent av EU-kommisjonen for \u00e5 sikre samsvar utenfor det europeiske \u00f8konomiske omr\u00e5det.<\/p>\n<p class=\"privacylist-subtitle\">Firmaoverf\u00f8ring:<\/p>\n<p>Hvis vi er kj\u00f8pt opp av, tildelt eller fusjonert med et annet selskap, hvis deler av v\u00e5re eiendeler overf\u00f8res til et annet selskap, eller som en del av en konkursbehandling, kan vi overf\u00f8re personopplysningene vi har samlet inn til den overtakende juridiske enheten. Du vil bli varslet via e-post eller riktig varsel p\u00e5 nettstedet tretti (30) dager i forkant av slik utlevering av dine personlige data.<\/p>\n<p class=\"privacylist-subtitle\">For \u00e5 beskytte oss og tredjeparter:<\/p>\n<p>Vi kan avsl\u00f8re informasjonen vi samler inn fra deg der vi har grunn til \u00e5 tro at det er n\u00f8dvendig for \u00e5 unders\u00f8ke, forhindre eller iverksette tiltak ang\u00e5ende ulovlige aktiviteter, mistanke om svindel, situasjoner som involverer potensielle trusler mot sikkerheten til en person eller brudd p\u00e5 avtalen, Anti-Spam Policy eller Personvernerkl\u00e6ring. Du vil bli informert p\u00e5 forh\u00e5nd om enhver utlevering av personlige og ikke offentlige data.<\/p>\n<p class=\"privacylist-subtitle\">Samlet og anonym informasjon:<\/p>\n<p>Vi kan dele aggregert, anonym (avidentifisert) abonnentinformasjon med tredjeparter, for eksempel data, for markedsf\u00f8ringsform\u00e5l, reklame, forskning eller lignende. Vi utleverer ingen personopplysninger til tredjeparter.<\/li>\n<li>\n<p class=\"privacylist-title\">Grunner til \u00e5 sende deg e-post<\/p>\n<p>Hvis du mottok \u00e9n eller flere markedsf\u00f8rings- eller reklamemeldinger (\u201cKommersielle meldinger\u201d) fra oss, betyr det at a) e-postadressen din er p\u00e5 listen v\u00e5r over abonnenter eller brukere; eller b) Du har gitt oss din e-postadresse for kommunikasjon. Hvis du har mottatt en e-post fra oss som du ikke er den rette mottakeren av, vennligst kontakt oss umiddelbart p\u00e5 <a href=\"mailto:support@mainbrainer.com\">support@mainbrainer.com<\/a> og slett e-posten. Abonnenter kan bruke tjenestene v\u00e5re til \u00e5 sende kommersielle meldinger til mottakere som har valgt \u00e5 motta slike SMS, e-poster eller andre elektroniske meldinger, eller som abonnenter har et tidligere forhold til som autoriserer slik kommunikasjon. I henhold til retningslinjene v\u00e5re mot s\u00f8ppelpost har abonnenter ikke lov til \u00e5 sende u\u00f8nskede markedsf\u00f8rings- eller salgsfremmende meldinger og er p\u00e5lagt \u00e5 innhente samtykke fra en mottaker f\u00f8r de sender en kommersiell melding til en mottaker som abonnenten ikke har en tidligere forhold som tillater slik kommunikasjon. Selv om vi har en streng anti-spam policy, kan vi ikke garantere at v\u00e5re abonnenter alltid vil overholde slike retningslinjer. Hvis du mener at du har mottatt en melding fra en av v\u00e5re abonnenter ved en feiltakelse eller i strid med retningslinjene for antispam, vennligst kontakt oss umiddelbart p\u00e5 support@mainbrainer.com og slett meldingen.<\/li>\n<li>\n<p class=\"privacylist-title\">Nyhetsbrev<\/p>\n<p>Vi kan sende deg v\u00e5rt nyhetsbrev ved \u00e5 bruke ditt navn og e-postadresse. Du kan ogs\u00e5 be om v\u00e5rt nyhetsbrev. Vi gir deg en m\u00e5te \u00e5 avslutte abonnementet p\u00e5 v\u00e5re nyhetsbrev ved \u00e5 f\u00f8lge avmeldingslenken nederst i hvert nyhetsbrev.<br \/>\nP\u00e5 samme m\u00e5te inneholder hver kommersiell e-post som sendes av v\u00e5re abonnenter gjennom v\u00e5re tjenester en avmeldingslenke. Bare klikk p\u00e5 den lenken og f\u00f8lg instruksjonene for \u00e5 avslutte abonnementet p\u00e5 e-postadressen din. Hvis du har avsluttet abonnementet, men fortsetter \u00e5 motta e-post fra oss eller fra en av v\u00e5re abonnenter, kan du rapportere dette til <a href=\"mailto:support@mainbrainer.com\">support@mainbrainer.com<\/a> V\u00e6r oppmerksom p\u00e5 at det kan ta opptil fem (5) virkedager \u00e5 behandle foresp\u00f8rsler om avmelding.<\/li>\n<li>\n<p class=\"privacylist-title\">Velg bort \u00e5 motta sms, anrop og e-post<\/p>\n<p>Hvis du \u00f8nsker \u00e5 velge bort \u00e5 motta forskjellig kommunikasjon knyttet til emner som din konto, tjenester, juridiske, markedsf\u00f8ring og andre emner via SMS, telefonsamtaler eller e-post fra oss, kan du gj\u00f8re dette n\u00e5r som helst i kontoinnstillingene eller ved \u00e5 sende oss en e-post p\u00e5: <a href=\"mailto:support@mainbrainer.com\">support@mainbrainer.com.<\/a> Vi gir deg ogs\u00e5 muligheten til \u00e5 \"velge bort\" fra \u00e5 f\u00e5 personopplysningene dine brukt til bestemte form\u00e5l n\u00e5r som helst vi justerer eller introduserer nye tjenester eller emner, ber vi om dette samtykket ved enhver anledning, og du kan endre dette n\u00e5r som helst som beskrevet ovenfor.<\/li>\n<li>\n<p class=\"privacylist-title\">Offentlige fora<\/p>\n<p>Siden tilbyr ogs\u00e5 offentlig tilgjengelige blogger eller fellesskapsfora. Du b\u00f8r v\u00e6re klar over at all informasjon du oppgir i disse omr\u00e5dene er synlig for og kan leses, samles inn, brukes eller avsl\u00f8res av andre registrerte brukere av nettstedet eller offentlige bes\u00f8kende p\u00e5 nettstedet. For \u00e5 be om fjerning av dine personlige data fra v\u00e5r blogg eller fellesskapsforum, kontakt oss p\u00e5 <a href=\"mailto:support@mainbrainer.com\">support@mainbrainer.com.<\/a> For \u00e5 legge ut abonnentanbefalinger p\u00e5 nettstedet som kan inneholde personlig identifiserbar informasjon, innhenter vi abonnentens forh\u00e5ndssamtykke via e-post. For \u00e5 be om fjerning av dine personlige data fra v\u00e5re attester, kontakt oss p\u00e5 <a href=\"mailto:support@mainbrainer.com\">support@mainbrainer.com.<\/a><\/li>\n<li>\n<p class=\"privacylist-title\">Sikkerhet for innsamlede personopplysninger<\/p>\n<p>Vi bruker industrianerkjent informasjonsteknologi for \u00e5 beskytte sikkerheten til informasjonen og personopplysningene du sender til oss, b\u00e5de under overf\u00f8ring og n\u00e5r vi mottar dem. Viktigheten av sikkerhet for all personlig informasjon knyttet til v\u00e5re brukere er av st\u00f8rste bekymring for oss. V\u00e5re sikre servere beskytter denne informasjonen ved hjelp av passordbeskyttelse og avansert kryptering, og vi kan bruke brannmurteknologi for ytterligere beskyttelse. N\u00e5r du oppgir sensitiv informasjon (som et kredittkortnummer, p\u00e5loggingsinformasjon for v\u00e5re tjenester eller geografisk plasseringsinformasjon) p\u00e5 v\u00e5re tilbud, krypterer vi overf\u00f8ringen av denne informasjonen ved hjelp av sikker socket layer-teknologi (SSL). Videre er alle brukerdataene vi samler inn beskyttet mot uautorisert tilgang med fysiske sikkerhetsmidler. Vi oppfordrer ogs\u00e5 v\u00e5re partnere og tjenesteleverand\u00f8rer til \u00e5 vedta og f\u00f8lge strenge retningslinjer for personvern for forbrukere. Ingen metode for overf\u00f8ring over Internett, eller metode for elektronisk lagring, er imidlertid 100 % sikker. Derfor kan vi ikke garantere dens absolutte sikkerhet. Behandling av personopplysninger i henhold til personopplysningsloven \u00a7 13 og personvernforordningen. Sikkerheten til dine personlige data er viktig for oss. I det usannsynlige tilfellet av et brudd p\u00e5 personopplysninger vil vi umiddelbart informere deg som behandlingsansvarlig og om bruddet gir tilsynsmyndigheten berettigelse uten un\u00f8dig forsinkelse, med mindre det vil inneb\u00e6re uforholdsmessig innsats (i samsvar med artikkel 33 og 34 i GDPR). Vi vil ogs\u00e5 iverksette tiltak for \u00e5 dempe eventuelle negative effekter av bruddet. Hvis du har sp\u00f8rsm\u00e5l om sikkerhet og v\u00e5re tjenester som beskytter dataene dine, vennligst send en e-post til oss p\u00e5: <a href=\"mailto:support@mainbrainer.com\">support@mainbrainer.com.<\/a> Hvis du \u00f8nsker \u00e5 rapportere en hendelse eller bekymring, vennligst send oss en e-post umiddelbart p\u00e5: <a href=\"mailto:support@mainbrainer.com\">support@mainbrainer.com.<\/a><\/li>\n<li>\n<p class=\"privacylist-title\">Informasjonskapsler og andre sporingsteknologier<\/p>\n<p>N\u00e5r du samhandler med nettstedet, vil vi gj\u00f8re v\u00e5rt beste for \u00e5 gj\u00f8re opplevelsen din meningsfull. Vi kan bruke eller engasjere tredjeparter til \u00e5 bruke informasjonskapsler, slette gifs og Flash Local Shared Objects (LSOer) for \u00e5 spore brukeraktivitet og samle inn nettstedsdata. I tillegg kan vi kombinere nettstedsdataene vi samler inn med dataene vi samler inn fra en tredjepart. Enhver bes\u00f8kende p\u00e5 nettstedet v\u00e5rt informeres p\u00e5 forh\u00e5nd om at vi bruker informasjonskapsler og andre automatiserte m\u00e5ter \u00e5 samle inn data p\u00e5 og gis muligheten til \u00e5 enten godta eller avsl\u00e5 at vi samler inn nevnte data.<\/p>\n<p class=\"privacylist-subtitle\">Informasjonskapsler:<\/p>\n<p>N\u00e5r du g\u00e5r inn p\u00e5 nettstedet, sender v\u00e5r webserver en informasjonskapsel til datamaskinen din. Informasjonskapsler er alfanumeriske identifikatorer som vi overf\u00f8rer til datamaskinens harddisk gjennom nettleseren din for journalf\u00f8ringsform\u00e5l. Det finnes to typer informasjonskapsler: \u00f8ktbaserte og vedvarende informasjonskapsler. I tillegg kan vi tillate visse tredjeparter \u00e5 plassere informasjonskapsler gjennom nettstedet v\u00e5rt. Vi kobler ikke informasjonen vi lagrer i informasjonskapsler til noen personlig identifiserbar informasjon du sender inn mens du er p\u00e5 nettstedet v\u00e5rt, annet enn ved \u00e5 koble vedvarende informasjonskapsler til abonnentene v\u00e5re. \u00d8ktinformasjonskapsler: \u00d8ktinformasjonskapsler forblir p\u00e5 datamaskinen din etter at du har lukket nettleseren eller sl\u00e5tt av datamaskinen. Vi bruker vedvarende informasjonskapsler som bare vi, eller tjenesteleverand\u00f8rene v\u00e5re, kan lese og bruke, for \u00e5 identifisere det faktum at du er eller tidligere har v\u00e6rt abonnent. Vi er spesielt n\u00f8ye med sikkerheten og konfidensialiteten til informasjonen som er lagret i vedvarende informasjonskapsler. For eksempel lagrer vi ikke kontonumre eller passord i vedvarende informasjonskapsler.<\/p>\n<p class=\"privacylist-subtitle\">Tredjeparts informasjonskapsler:<\/p>\n<p>Vi kan engasjere tredjeparter for \u00e5 spore og analysere ikke-personlig identifiserbare nettsteddata. Vi bruker dataene som samles inn av slike tredjeparter for \u00e5 hjelpe oss med \u00e5 administrere og forbedre kvaliteten p\u00e5 nettstedet, og for \u00e5 analysere bruken av nettstedet. Vi deler ikke disse dataene med andre tredjeparter, bortsett fra som beskrevet ovenfor i avsnittet \"Avsl\u00f8re innsamlede data.\" Du b\u00f8r merke deg at vi ikke har tilgang til eller kontroll over noen tredjeparts informasjonskapsler. Denne personvernerkl\u00e6ringen dekker tredjeparters bruk av informasjonskapsler utenfor v\u00e5r kontroll.<\/p>\n<p class=\"privacylist-subtitle\">Deaktivering av informasjonskapsler:<\/p>\n<p>De fleste nettlesere godtar automatisk informasjonskapsler, men hvis du foretrekker det, kan du redigere nettleseralternativene for \u00e5 blokkere dem i fremtiden. Hjelpedelen av verkt\u00f8ylinjen p\u00e5 de fleste nettlesere vil fortelle deg hvordan du forhindrer datamaskinen din i \u00e5 godta nye informasjonskapsler, hvordan du f\u00e5r nettleseren til \u00e5 varsle deg n\u00e5r du mottar en ny informasjonskapsel, eller hvordan du kan deaktivere informasjonskapsler helt. Bes\u00f8kende p\u00e5 nettstedet som deaktiverer nettleserens evne til \u00e5 akseptere informasjonskapsler, vil kunne surfe p\u00e5 nettstedet, men med en begrenset brukeropplevelse; Imidlertid krever tjenestene v\u00e5re dessverre at du har aktivert informasjonskapsler for \u00e5 bruke tjenestene v\u00e5re, men dette er ditt valg.<\/li>\n<\/ul>\n<div class=\"clearfix\"><\/div>","protected":false},"excerpt":{"rendered":"<p>Personvernerkl\u00e6ring v 1.0 Fra og med 6. april 2021 tar MainBrainer AS personvern p\u00e5 alvor....<\/p>\n","protected":false},"author":1,"featured_media":0,"parent":0,"menu_order":0,"comment_status":"closed","ping_status":"closed","template":"Templates\/privacy-policy.php","meta":[],"_links":{"self":[{"href":"https:\/\/www.mainbrainer.com\/nb_NO\/wp-json\/wp\/v2\/pages\/20852"}],"collection":[{"href":"https:\/\/www.mainbrainer.com\/nb_NO\/wp-json\/wp\/v2\/pages"}],"about":[{"href":"https:\/\/www.mainbrainer.com\/nb_NO\/wp-json\/wp\/v2\/types\/page"}],"author":[{"embeddable":true,"href":"https:\/\/www.mainbrainer.com\/nb_NO\/wp-json\/wp\/v2\/users\/1"}],"replies":[{"embeddable":true,"href":"https:\/\/www.mainbrainer.com\/nb_NO\/wp-json\/wp\/v2\/comments?post=20852"}],"version-history":[{"count":7,"href":"https:\/\/www.mainbrainer.com\/nb_NO\/wp-json\/wp\/v2\/pages\/20852\/revisions"}],"predecessor-version":[{"id":26306,"href":"https:\/\/www.mainbrainer.com\/nb_NO\/wp-json\/wp\/v2\/pages\/20852\/revisions\/26306"}],"wp:attachment":[{"href":"https:\/\/www.mainbrainer.com\/nb_NO\/wp-json\/wp\/v2\/media?parent=20852"}],"curies":[{"name":"wp","href":"https:\/\/api.w.org\/{rel}","templated":true}]}}