{"id":20822,"date":"2021-10-05T10:21:46","date_gmt":"2021-10-05T04:51:46","guid":{"rendered":"https:\/\/mb.loyaltycommunication.com\/performance-insight\/"},"modified":"2022-07-08T16:48:57","modified_gmt":"2022-07-08T11:18:57","slug":"digital-innsikt","status":"publish","type":"page","link":"https:\/\/www.mainbrainer.com\/nb_NO\/digital-innsikt\/","title":{"rendered":"Ytelsesinnsikt"},"content":{"rendered":"<h1 class=\"font48 font-weight-700 mb-2 mb-md-0\">Resultatbasert Performance Markedsf\u00f8ring<\/h1>\n<p class=\"font34\"><span>Bruk det til \u00e5 generere mer salg og f\u00e5 flere konverteringer<\/span><\/p>\n<div class=\"emailTK__top_inner\" style=\"max-width: 735px;\">\n<p><span>Mestre kunsten og vitenskapen med \u00e5 lage markedsf\u00f8ringskampanjer som konverterer flere, m\u00e5lrettet mot brukersegmenter og engasjerer mer, og ta kontroll over din ROI. Registrer deg gratis n\u00e5!<\/span><\/p>\n<\/div>\n<div class=\"clearfix\"><\/div>","protected":false},"excerpt":{"rendered":"<p>Resultatbasert Performance Markedsf\u00f8ring Bruk det til \u00e5 generere mer salg og f\u00e5 flere konverteringer Mestre...<\/p>\n","protected":false},"author":1,"featured_media":0,"parent":0,"menu_order":0,"comment_status":"closed","ping_status":"closed","template":"Templates\/feature-template.php","meta":[],"_links":{"self":[{"href":"https:\/\/www.mainbrainer.com\/nb_NO\/wp-json\/wp\/v2\/pages\/20822"}],"collection":[{"href":"https:\/\/www.mainbrainer.com\/nb_NO\/wp-json\/wp\/v2\/pages"}],"about":[{"href":"https:\/\/www.mainbrainer.com\/nb_NO\/wp-json\/wp\/v2\/types\/page"}],"author":[{"embeddable":true,"href":"https:\/\/www.mainbrainer.com\/nb_NO\/wp-json\/wp\/v2\/users\/1"}],"replies":[{"embeddable":true,"href":"https:\/\/www.mainbrainer.com\/nb_NO\/wp-json\/wp\/v2\/comments?post=20822"}],"version-history":[{"count":9,"href":"https:\/\/www.mainbrainer.com\/nb_NO\/wp-json\/wp\/v2\/pages\/20822\/revisions"}],"predecessor-version":[{"id":27668,"href":"https:\/\/www.mainbrainer.com\/nb_NO\/wp-json\/wp\/v2\/pages\/20822\/revisions\/27668"}],"wp:attachment":[{"href":"https:\/\/www.mainbrainer.com\/nb_NO\/wp-json\/wp\/v2\/media?parent=20822"}],"curies":[{"name":"wp","href":"https:\/\/api.w.org\/{rel}","templated":true}]}}