{"id":20785,"date":"2021-04-09T06:30:41","date_gmt":"2021-04-09T01:00:41","guid":{"rendered":"https:\/\/mb.loyaltycommunication.com\/mainbrainer-for-small-business-owners\/"},"modified":"2022-07-08T17:42:19","modified_gmt":"2022-07-08T12:12:19","slug":"mainbrainer-for-small-business-owners","status":"publish","type":"page","link":"https:\/\/www.mainbrainer.com\/nb_NO\/mainbrainer-for-small-business-owners\/","title":{"rendered":"MainBrainer for Small Business Owners"},"content":{"rendered":"<h1 class=\"section-title m-0\"><span style=\"color: #000000\"><span style=\"background-color: #ffff00\">Beste markedsf\u00f8ringsverkt\u00f8y for sm\u00e5 bedrifter<\/span><\/span><\/h1>\n<p class=\"section-leadtext my-md-4\">F\u00e5 riktig start med MainBrainer som vil sikre maksimal suksess og vekst helt fra dag \u00e9n. Du f\u00e5r alle l\u00f8sninger p\u00e5 ett sted for \u00e5 dekke markedsf\u00f8ringsbehovene dine til minimale kostnader og med stor fleksibilitet.<\/p>\n<div class=\"clearfix\"><\/div>","protected":false},"excerpt":{"rendered":"<p>Beste markedsf\u00f8ringsverkt\u00f8y for sm\u00e5 bedrifter F\u00e5 riktig start med MainBrainer som vil sikre maksimal suksess...<\/p>\n","protected":false},"author":1,"featured_media":20787,"parent":0,"menu_order":0,"comment_status":"closed","ping_status":"closed","template":"Templates\/resources.php","meta":[],"_links":{"self":[{"href":"https:\/\/www.mainbrainer.com\/nb_NO\/wp-json\/wp\/v2\/pages\/20785"}],"collection":[{"href":"https:\/\/www.mainbrainer.com\/nb_NO\/wp-json\/wp\/v2\/pages"}],"about":[{"href":"https:\/\/www.mainbrainer.com\/nb_NO\/wp-json\/wp\/v2\/types\/page"}],"author":[{"embeddable":true,"href":"https:\/\/www.mainbrainer.com\/nb_NO\/wp-json\/wp\/v2\/users\/1"}],"replies":[{"embeddable":true,"href":"https:\/\/www.mainbrainer.com\/nb_NO\/wp-json\/wp\/v2\/comments?post=20785"}],"version-history":[{"count":10,"href":"https:\/\/www.mainbrainer.com\/nb_NO\/wp-json\/wp\/v2\/pages\/20785\/revisions"}],"predecessor-version":[{"id":27690,"href":"https:\/\/www.mainbrainer.com\/nb_NO\/wp-json\/wp\/v2\/pages\/20785\/revisions\/27690"}],"wp:featuredmedia":[{"embeddable":true,"href":"https:\/\/www.mainbrainer.com\/nb_NO\/wp-json\/wp\/v2\/media\/20787"}],"wp:attachment":[{"href":"https:\/\/www.mainbrainer.com\/nb_NO\/wp-json\/wp\/v2\/media?parent=20785"}],"curies":[{"name":"wp","href":"https:\/\/api.w.org\/{rel}","templated":true}]}}