{"id":20755,"date":"2021-09-29T11:43:18","date_gmt":"2021-09-29T06:13:18","guid":{"rendered":"https:\/\/mb.loyaltycommunication.com\/customer-data-platform\/"},"modified":"2022-07-11T12:51:05","modified_gmt":"2022-07-11T07:21:05","slug":"cdp-crm-markedsforing","status":"publish","type":"page","link":"https:\/\/www.mainbrainer.com\/nb_NO\/cdp-crm-markedsforing\/","title":{"rendered":"Kundedataplattform"},"content":{"rendered":"<h1 class=\"font48 font-weight-700 mb-2 mb-md-0\">Customer Data Platform (CDP)<\/h1>\n<p class=\"font34\">for din CRM-markedsf\u00f8ring<\/p>\n<div class=\"emailTK__top_inner\">\n<p>Administrer, behandle og m\u00e5lrett kontaktlistene dine med st\u00f8rre n\u00f8yaktighet og bedre relevans. Finn l\u00f8nnsomme segmenter, engasjerende kampanjer, personlig m\u00e5lretting, automatiske dataoppdateringer, p\u00e5meldingsskjemaer, detaljert innsikt og fleksible automatiseringsmuligheter<\/p>\n<\/div>\n<div class=\"clearfix\"><\/div>","protected":false},"excerpt":{"rendered":"<p>Customer Data Platform (CDP) for din CRM-markedsf\u00f8ring Administrer, behandle og m\u00e5lrett kontaktlistene dine med st\u00f8rre...<\/p>\n","protected":false},"author":1,"featured_media":0,"parent":0,"menu_order":0,"comment_status":"closed","ping_status":"closed","template":"Templates\/feature-template.php","meta":[],"_links":{"self":[{"href":"https:\/\/www.mainbrainer.com\/nb_NO\/wp-json\/wp\/v2\/pages\/20755"}],"collection":[{"href":"https:\/\/www.mainbrainer.com\/nb_NO\/wp-json\/wp\/v2\/pages"}],"about":[{"href":"https:\/\/www.mainbrainer.com\/nb_NO\/wp-json\/wp\/v2\/types\/page"}],"author":[{"embeddable":true,"href":"https:\/\/www.mainbrainer.com\/nb_NO\/wp-json\/wp\/v2\/users\/1"}],"replies":[{"embeddable":true,"href":"https:\/\/www.mainbrainer.com\/nb_NO\/wp-json\/wp\/v2\/comments?post=20755"}],"version-history":[{"count":38,"href":"https:\/\/www.mainbrainer.com\/nb_NO\/wp-json\/wp\/v2\/pages\/20755\/revisions"}],"predecessor-version":[{"id":27691,"href":"https:\/\/www.mainbrainer.com\/nb_NO\/wp-json\/wp\/v2\/pages\/20755\/revisions\/27691"}],"wp:attachment":[{"href":"https:\/\/www.mainbrainer.com\/nb_NO\/wp-json\/wp\/v2\/media?parent=20755"}],"curies":[{"name":"wp","href":"https:\/\/api.w.org\/{rel}","templated":true}]}}