{"id":20733,"date":"2019-08-14T15:17:08","date_gmt":"2019-08-14T09:47:08","guid":{"rendered":"https:\/\/mb.loyaltycommunication.com\/contact\/"},"modified":"2022-06-30T16:29:43","modified_gmt":"2022-06-30T10:59:43","slug":"kontakt","status":"publish","type":"page","link":"https:\/\/www.mainbrainer.com\/nb_NO\/kontakt\/","title":{"rendered":"Contact"},"content":{"rendered":"<h1 class=\"section-title m-0\">Hvordan kan vi hjelpe deg?<\/h1>\n<p class=\"section-leadtext text-white my-md-4\">Er du interessert i \u00e5 l\u00e6re mer om produktene v\u00e5re, har du sp\u00f8rsm\u00e5l eller trenger hjelp? Bare gi oss beskjed!<\/p>\n<div class=\"clearfix\"><\/div>","protected":false},"excerpt":{"rendered":"<p>We\u2019re here to help<br \/>\nAre you interested in learning more about our products, got queries, or need any assistance? Just let us know!<\/p>\n","protected":false},"author":1,"featured_media":0,"parent":0,"menu_order":0,"comment_status":"closed","ping_status":"closed","template":"Templates\/contact-us.php","meta":[],"_links":{"self":[{"href":"https:\/\/www.mainbrainer.com\/nb_NO\/wp-json\/wp\/v2\/pages\/20733"}],"collection":[{"href":"https:\/\/www.mainbrainer.com\/nb_NO\/wp-json\/wp\/v2\/pages"}],"about":[{"href":"https:\/\/www.mainbrainer.com\/nb_NO\/wp-json\/wp\/v2\/types\/page"}],"author":[{"embeddable":true,"href":"https:\/\/www.mainbrainer.com\/nb_NO\/wp-json\/wp\/v2\/users\/1"}],"replies":[{"embeddable":true,"href":"https:\/\/www.mainbrainer.com\/nb_NO\/wp-json\/wp\/v2\/comments?post=20733"}],"version-history":[{"count":11,"href":"https:\/\/www.mainbrainer.com\/nb_NO\/wp-json\/wp\/v2\/pages\/20733\/revisions"}],"predecessor-version":[{"id":26780,"href":"https:\/\/www.mainbrainer.com\/nb_NO\/wp-json\/wp\/v2\/pages\/20733\/revisions\/26780"}],"wp:attachment":[{"href":"https:\/\/www.mainbrainer.com\/nb_NO\/wp-json\/wp\/v2\/media?parent=20733"}],"curies":[{"name":"wp","href":"https:\/\/api.w.org\/{rel}","templated":true}]}}