{"id":20722,"date":"2021-04-06T10:07:03","date_gmt":"2021-04-06T04:37:03","guid":{"rendered":"https:\/\/mb.loyaltycommunication.com\/anti-spam-policy\/"},"modified":"2022-06-17T13:17:49","modified_gmt":"2022-06-17T07:47:49","slug":"anti-spam-policy","status":"publish","type":"page","link":"https:\/\/www.mainbrainer.com\/nb_NO\/anti-spam-policy\/","title":{"rendered":"Retningslinjer mot spam"},"content":{"rendered":"<h3 class=\"policy-title fontweight700 bottom_hr my-4 pb-4\">Anti-Spam Policy - MainBrainer<\/h3>\n<ul class=\"policy-listcontent mt-5\">\n<li>\n<p class=\"privacylist-title\">INLEDNING<\/p>\n<p>Disse retningslinjene for antis\u00f8ppelpost er ved referanse til vedlegg 2 innlemmet i vilk\u00e5rene for bruk (\"Avtalen\") publisert p\u00e5 www.mainbrainer.com.<br \/>\nV\u00e5re tjenester best\u00e5r prim\u00e6rt av en nettbasert teknologiplattform der innhold leveres n\u00e5r en kunde sender slikt innhold laget av kunden eller av noen som kunden er ansvarlig for. Mens hver kunde bruker Tjenestene v\u00e5re for \u00e5 hjelpe til med overf\u00f8ring av innhold til mottakerne, fungerer vi faktisk ikke som avsender p\u00e5 dine vegne, men bare som leverand\u00f8r av deler av den teknologiske infrastrukturen som du selv sender innholdet ditt til mottakerne gjennom. Du er dermed ansvarlig avsender av e-poster, SMS og andre elektroniske meldinger. Som avsender av e-post, SMS og andre elektroniske meldinger, er du p\u00e5lagt \u00e5 overholde vilk\u00e5rene angitt i Avtalen med Vedlegg og \u00e5 overholde alle gjeldende lover.<br \/>\nGenerelt er spam definert som u\u00f8nsket massekommunikasjon til juridiske personer eller personer som du ikke har et forhold til eller som ikke har bedt om (valgt p\u00e5) din kommunikasjon.<br \/>\nKontoen din vil bli avsluttet umiddelbart hvis du sender spam ved hjelp av v\u00e5re tjenester eller systemet.<br \/>\nVennligst rapporter uten forsinkelser mistenkt misbruk til <a href=\"mailto:support@mainbrainer.com\">support@mainbrainer.com<\/a><br \/>\nVennligst avslutt abonnementet, hvis mulig, fra kommunikasjonen til enhver spam-avsender og videresend hele den aktuelle kommunikasjonen til <a href=\"mailto:support@mainbrainer.com\">support@mainbrainer<\/a><br \/>\nVi vil iverksette passende tiltak mot den aktuelle avsenderen.<\/li>\n<li>\n<p class=\"privacylist-title\">INTERNETT-TJENESTELEVERAND\u00d8RER (ISP-er) OG RELASJONER MED SVARTELISTE ADMINISTRATOR<\/p>\n<p>Vi har og tar sikte p\u00e5 \u00e5 bygge gode relasjoner med tredjeparts internettleverand\u00f8rer (ISPer) og svartelisteadministratorer og inviterer dem til \u00e5 kontakte oss p\u00e5 support@mainbrainer.com ved eventuelle bekymringer eller sp\u00f8rsm\u00e5l.<\/li>\n<li>\n<p class=\"privacylist-title\">POLITISK H\u00c5NDV\u00c6RING<\/p>\n<p>Vi har ingen toleranse for s\u00f8ppelpost og h\u00e5ndhever den strengt.<\/p>\n<p>Vi tilbyr kun tjenestene v\u00e5re til de som f\u00f8lger v\u00e5re strenge retningslinjer for anti-spam.<\/p>\n<p>Hvis du bruker tjenestene v\u00e5re til \u00e5 sende en SMS eller e-post eller annen elektronisk melding eller kampanje til en mottaker som du ikke kan dokumentere har samtykket til \u00e5 motta kommunikasjonen med, eller som du ikke kan dokumentere \u00e5 ha et tidligere forhold som autoriserer kommunikasjonen, kan du p\u00e5dra deg en straff lik \u20ac 100 (100 euro) per dokumentert hendelse (dvs. per kommunikasjon) eller et hvilket som helst st\u00f8rre bel\u00f8p som kan p\u00e5legges i henhold til gjeldende lov, med et minimum av de faktiske skadene Vi vil sannsynligvis lide under misbruk av systemet v\u00e5rt eller brudd i avtalen eller lovene som regulerer utsendelse og innholdet i elektronisk kommunikasjon.<\/p>\n<p>Tiltak vi tar for \u00e5 h\u00e5ndheve retningslinjene v\u00e5re mot s\u00f8ppelpost inkluderer, men er ikke begrenset til:<\/p>\n<p>gjennomgang og overv\u00e5king av store listeimporter, inkludert en gjennomgang av listekilden, listens alder, innsamlingsmetoder.<br \/>\nved \u00e5 bruke MD5-hash-record for \u00e5 skjerme for kjennetegn ved vanlig h\u00f8stede lister.<br \/>\nbruke et innholdskontrollverkt\u00f8y for \u00e5 skjerme og flagge alle meldinger som inneholder ord som er felles for u\u00f8nskede e-poster.<\/p>\n<p>Vi krever at hver bruker starter f\u00f8lgende erkl\u00e6ring f\u00f8r de bruker tjenestene v\u00e5re:<\/p>\n<p>\"Jeg bekrefter med mine initialer at alle mottakere har samtykket til \u00e5 motta kommunikasjonen sendt ut av meg, eller at du tidligere har hatt et slikt forhold til mottakeren at jeg har lov til \u00e5 sende ut kommunikasjon til mottakeren. Min bruk av tjenestene overholder alle databeskyttelses- og personvernlover og -forskrifter som gjelder for landene der jeg sender noen form for kommunikasjon via tjenestene. Jeg bekrefter og garanterer at all min kommunikasjon vil inneholde en fungerende obligatorisk avmeldings-\/velger-lenke nederst i meldingen.\"<br \/>\nEnhver bruker som oppdages \u00e5 bruke tjenestene v\u00e5re i strid med retningslinjene for antis\u00f8ppelpost vil umiddelbart bli avsk\u00e5ret fra bruk av tjenesten.<br \/>\nDet er obligatorisk at enhver og all kommunikasjon via v\u00e5re tjenester inneholder en fungerende avmeldings-\/velger-lenke nederst i meldingen, og at denne lenken ikke kan fjernes fra kommunikasjonen.<\/li>\n<li>\n<p class=\"privacylist-title\">PROSEDYRE FOR H\u00c5NDTERING AV KLAGER<\/p>\n<p><strong>en. Generell<\/strong><\/p>\n<p>Tjenesten v\u00e5r kan bare brukes av juridiske personer (bedrifter og organisasjoner) og bare i forbindelse med deres etablerte liste over tillatelsesbaserte mottakere eller mottakere som du har et tidligere forhold til at du er autorisert til \u00e5 bruke tjenesten v\u00e5r til \u00e5 kommunisere med dem.<\/p>\n<p>For \u00e5 finne ut om du har sendt spam kan vi:<\/p>\n<p>gjennomg\u00e5 innholdet i den aktuelle meldingen eller kampanjen.<br \/>\ng\u00e5 gjennom abonnentlisten din for m\u00f8nstre som er vanlige for h\u00f8stede lister.<br \/>\ngjennomg\u00e5 enhver s\u00f8ppelpostklage.<br \/>\ng\u00e5 gjennom postene for \u00e5 bekrefte n\u00e5r mottakeren abonnerte p\u00e5 abonnentlisten din og abonnentens IP-adresse.<\/p>\n<p><strong>b. Prosedyre for h\u00e5ndtering av falske positive klager<\/strong><\/p>\n<p>Vi innser at det er mulig at du er feilaktig anklaget for \u00e5 sende ut spam av personer som har glemt at de har abonnert p\u00e5 kommunikasjonen din.<br \/>\nAv denne grunn kan vi g\u00e5 gjennom kontaktlisten din for \u00e5 se etter p\u00e5melding og datoen mottakeren meldte seg p\u00e5 i henhold til kontaktlisten din. Hvis vi har oversikt over mottakerens p\u00e5melding og innholdet i kommunikasjonen din som inneholder innholdet mottakeren abonnerer p\u00e5, vil vi varsle denne mottakeren om datoen de abonnerer p\u00e5 \u00e5 motta kommunikasjonen din og gi mottakeren en lenke for \u00e5 avslutte abonnementet fra listen din .<br \/>\nVed en slik klage vil vi varsle deg om klagen, informere deg om handlingen som er utf\u00f8rt og potensielt foresl\u00e5 endringer i varslene eller beskrivelsene du oppgir n\u00e5r abonnenter registrerer seg p\u00e5 listene dine.<\/p>\n<p><strong>c. Overf\u00f8ring av mottakere<\/strong><\/p>\n<p>V\u00e6r oppmerksom p\u00e5 at en mottaker som abonnerer p\u00e5 en av listene dine ikke tillater at du overf\u00f8rer den mottakeren til andre av dine abonnentlister eller sender mottakerinnhold som er forskjellig fra innholdet mottakeren har abonnert p\u00e5.<\/li>\n<li>\n<p class=\"privacylist-title\">PROSEDYRE FOR H\u00c5NDTERING AV SUBOENA<\/p>\n<p>I tilfelle noen \u00f8nsker \u00e5 be om informasjon om en av v\u00e5re kunder i forbindelse med en sivil sak, m\u00e5 nevnte person eller juridiske enhet betjene oss med en stevning eller rettskjennelse som er gyldig og h\u00e5ndhevbar i henhold til gjeldende lov, og godta v\u00e5re vilk\u00e5r for kompensasjon. frem heri.<br \/>\nAlle sivile stevninger skal rettes til v\u00e5r juridiske representant.<br \/>\nVanligvis vil det ta ca. tre (3) uker etter mottak av en gyldig stevning eller rettskjennelse \u00e5 fremlegge informasjon; med mindre en formell innsigelse er sendt inn av deg eller vi er juridisk p\u00e5lagt \u00e5 gj\u00f8re det.<br \/>\nVi belaster \u20ac 250 (to hundre og femti euro) per time for forskning (pluss tilleggsgebyrer hvis vitnesbyrd eller avleggelse kreves), \u20ac 0,25 (tjuefem eurocent) per side og \u20ac 65 (sekstifem euro) for \u00e5 svare via ekspresspost .<\/li>\n<\/ul>\n<div class=\"clearfix\"><\/div>","protected":false},"excerpt":{"rendered":"<p>Anti-Spam Policy - MainBrainer INLEDNING Disse retningslinjene for antis\u00f8ppelpost er ved referanse til vedlegg 2...<\/p>\n","protected":false},"author":1,"featured_media":0,"parent":0,"menu_order":0,"comment_status":"closed","ping_status":"closed","template":"Templates\/terms-of-services.php","meta":[],"_links":{"self":[{"href":"https:\/\/www.mainbrainer.com\/nb_NO\/wp-json\/wp\/v2\/pages\/20722"}],"collection":[{"href":"https:\/\/www.mainbrainer.com\/nb_NO\/wp-json\/wp\/v2\/pages"}],"about":[{"href":"https:\/\/www.mainbrainer.com\/nb_NO\/wp-json\/wp\/v2\/types\/page"}],"author":[{"embeddable":true,"href":"https:\/\/www.mainbrainer.com\/nb_NO\/wp-json\/wp\/v2\/users\/1"}],"replies":[{"embeddable":true,"href":"https:\/\/www.mainbrainer.com\/nb_NO\/wp-json\/wp\/v2\/comments?post=20722"}],"version-history":[{"count":7,"href":"https:\/\/www.mainbrainer.com\/nb_NO\/wp-json\/wp\/v2\/pages\/20722\/revisions"}],"predecessor-version":[{"id":26621,"href":"https:\/\/www.mainbrainer.com\/nb_NO\/wp-json\/wp\/v2\/pages\/20722\/revisions\/26621"}],"wp:attachment":[{"href":"https:\/\/www.mainbrainer.com\/nb_NO\/wp-json\/wp\/v2\/media?parent=20722"}],"curies":[{"name":"wp","href":"https:\/\/api.w.org\/{rel}","templated":true}]}}