{"id":20637,"date":"2021-09-22T13:25:12","date_gmt":"2021-09-22T07:55:12","guid":{"rendered":"https:\/\/mb.loyaltycommunication.com\/landing-page-builder\/"},"modified":"2022-07-11T18:08:42","modified_gmt":"2022-07-11T12:38:42","slug":"landingssidebygger","status":"publish","type":"page","link":"https:\/\/www.mainbrainer.com\/nb_NO\/landingssidebygger\/","title":{"rendered":"Landingssidebygger"},"content":{"rendered":"<h1 class=\"font48 font-weight-700 mb-2 mb-md-0\">Landingssidebygger<\/h1>\n<p class=\"font34\">for \u00e5 \u00f8ke antall leads, konverteringer og kunder<\/p>\n<div class=\"emailTK__top_innerB\">\n<p>Registrer deg gratis og begynn \u00e5 utvide virksomheten din p\u00e5 nettet med\u00b7landingssider som konverterer og som vil forbedre merkevaren din.<\/p>\n<\/div>\n<div class=\"clearfix\"><\/div>","protected":false},"excerpt":{"rendered":"<p>Landingssidebygger for \u00e5 \u00f8ke antall leads, konverteringer og kunder Registrer deg gratis og begynn \u00e5...<\/p>\n","protected":false},"author":1,"featured_media":0,"parent":0,"menu_order":0,"comment_status":"closed","ping_status":"closed","template":"Templates\/feature-template.php","meta":[],"_links":{"self":[{"href":"https:\/\/www.mainbrainer.com\/nb_NO\/wp-json\/wp\/v2\/pages\/20637"}],"collection":[{"href":"https:\/\/www.mainbrainer.com\/nb_NO\/wp-json\/wp\/v2\/pages"}],"about":[{"href":"https:\/\/www.mainbrainer.com\/nb_NO\/wp-json\/wp\/v2\/types\/page"}],"author":[{"embeddable":true,"href":"https:\/\/www.mainbrainer.com\/nb_NO\/wp-json\/wp\/v2\/users\/1"}],"replies":[{"embeddable":true,"href":"https:\/\/www.mainbrainer.com\/nb_NO\/wp-json\/wp\/v2\/comments?post=20637"}],"version-history":[{"count":24,"href":"https:\/\/www.mainbrainer.com\/nb_NO\/wp-json\/wp\/v2\/pages\/20637\/revisions"}],"predecessor-version":[{"id":27694,"href":"https:\/\/www.mainbrainer.com\/nb_NO\/wp-json\/wp\/v2\/pages\/20637\/revisions\/27694"}],"wp:attachment":[{"href":"https:\/\/www.mainbrainer.com\/nb_NO\/wp-json\/wp\/v2\/media?parent=20637"}],"curies":[{"name":"wp","href":"https:\/\/api.w.org\/{rel}","templated":true}]}}